{"id":13797,"date":"2025-07-27T15:30:42","date_gmt":"2025-07-27T13:30:42","guid":{"rendered":"https:\/\/butzi-speaker.com\/?page_id=13797"},"modified":"2025-07-27T15:45:30","modified_gmt":"2025-07-27T13:45:30","slug":"mentions-legales","status":"publish","type":"page","link":"https:\/\/butzi-speaker.com\/fr\/mentions-legales\/","title":{"rendered":"Mentions L\u00e9gales"},"content":{"rendered":"\t\t<div data-elementor-type=\"wp-page\" data-elementor-id=\"13797\" class=\"elementor elementor-13797\" data-elementor-post-type=\"page\">\n\t\t\t\t\t\t<section class=\"has_ae_slider elementor-section elementor-top-section elementor-element elementor-element-e845919 elementor-section-stretched elementor-section-full_width elementor-section-height-min-height elementor-hidden-phone elementor-section-height-default elementor-section-items-middle ae-bg-gallery-type-default\" data-id=\"e845919\" data-element_type=\"section\" data-e-type=\"section\" data-settings=\"{&quot;stretch_section&quot;:&quot;section-stretched&quot;,&quot;background_background&quot;:&quot;classic&quot;}\">\n\t\t\t\t\t\t<div class=\"elementor-container elementor-column-gap-default\">\n\t\t\t\t\t<div class=\"has_ae_slider elementor-column elementor-col-100 elementor-top-column elementor-element elementor-element-d527ec9 ae-bg-gallery-type-default\" data-id=\"d527ec9\" data-element_type=\"column\" data-e-type=\"column\">\n\t\t\t<div class=\"elementor-widget-wrap elementor-element-populated\">\n\t\t\t\t\t\t<section class=\"has_ae_slider elementor-section elementor-inner-section elementor-element elementor-element-077ffa1 elementor-section-boxed elementor-section-height-default elementor-section-height-default ae-bg-gallery-type-default\" data-id=\"077ffa1\" data-element_type=\"section\" data-e-type=\"section\">\n\t\t\t\t\t\t<div class=\"elementor-container elementor-column-gap-default\">\n\t\t\t\t\t<div class=\"has_ae_slider elementor-column elementor-col-100 elementor-inner-column elementor-element elementor-element-b90bc69 ae-bg-gallery-type-default\" data-id=\"b90bc69\" data-element_type=\"column\" data-e-type=\"column\">\n\t\t\t<div class=\"elementor-widget-wrap elementor-element-populated\">\n\t\t\t\t\t\t<div class=\"elementor-element elementor-element-3a47bdf elementor-widget elementor-widget-heading\" data-id=\"3a47bdf\" data-element_type=\"widget\" data-e-type=\"widget\" data-widget_type=\"heading.default\">\n\t\t\t\t<div class=\"elementor-widget-container\">\n\t\t\t\t\t<h1 class=\"elementor-heading-title elementor-size-default\">Mentions l\u00e9gales<\/h1>\t\t\t\t<\/div>\n\t\t\t\t<\/div>\n\t\t\t\t\t<\/div>\n\t\t<\/div>\n\t\t\t\t\t<\/div>\n\t\t<\/section>\n\t\t\t\t\t<\/div>\n\t\t<\/div>\n\t\t\t\t\t<\/div>\n\t\t<\/section>\n\t\t\t\t<section class=\"has_ae_slider elementor-section elementor-top-section elementor-element elementor-element-c93862b elementor-section-stretched elementor-section-boxed elementor-section-height-default elementor-section-height-default ae-bg-gallery-type-default\" data-id=\"c93862b\" data-element_type=\"section\" data-e-type=\"section\" data-settings=\"{&quot;stretch_section&quot;:&quot;section-stretched&quot;}\">\n\t\t\t\t\t\t<div class=\"elementor-container elementor-column-gap-default\">\n\t\t\t\t\t<div class=\"has_ae_slider elementor-column elementor-col-100 elementor-top-column elementor-element elementor-element-d12e129 ae-bg-gallery-type-default\" data-id=\"d12e129\" data-element_type=\"column\" data-e-type=\"column\">\n\t\t\t<div class=\"elementor-widget-wrap elementor-element-populated\">\n\t\t\t\t\t\t<div class=\"elementor-element elementor-element-a756a17 elementor-widget elementor-widget-text-editor\" data-id=\"a756a17\" data-element_type=\"widget\" data-e-type=\"widget\" data-widget_type=\"text-editor.default\">\n\t\t\t\t<div class=\"elementor-widget-container\">\n\t\t\t\t\t\t\t\t\t<h4 class=\"p1\">\u00a0<b>Mentions l\u00e9gales<\/b><\/h4><p class=\"p1\">Conform\u00e9ment \u00e0 l\u2019article 6 de la loi n\u00b02004-575 du 21 juin 2004 pour la confiance dans l\u2019\u00e9conomie num\u00e9rique, il est pr\u00e9cis\u00e9 aux utilisateurs du site <span class=\"s1\"><b>https:\/\/www.butzi-speaker.com<\/b><\/span> l\u2019identit\u00e9 des diff\u00e9rents intervenants dans le cadre de sa r\u00e9alisation et de son suivi.<\/p><h3><b>\u00c9diteur du site<\/b><\/h3><h3 class=\"p4\"><b>BUTZI<\/b><b><\/b><\/h3><p class=\"p1\">EURL <br \/>SIREN : 847 593 100<br \/>Activit\u00e9 (Code NAF ou APE) : 85.59A<\/p><p class=\"p1\">Adresse : Bourg-la-Reine (92340), France<\/p><p class=\"p1\">Email : contact@butzi-speaker.com<br \/>Directeur de la publication : Johannes Alinhac<\/p><h3><b>H\u00e9bergement<\/b><\/h3><p class=\"p1\">Le site est h\u00e9berg\u00e9 par :<\/p><p class=\"p4\"><b>OVH SAS<\/b><b><\/b><\/p><p class=\"p1\">SIREN : 424 761 419 RCS Lille M\u00e9tropole<\/p><p class=\"p1\">Si\u00e8ge social : 2 rue Kellermann, 59053 Roubaix Cedex 1 \u2013 France<\/p><p class=\"p1\">TVA intracommunautaire : FR 22 424 761 419<\/p><p class=\"p1\">T\u00e9l\u00e9phone : 1007 (gratuit depuis une ligne fixe)<\/p><p class=\"p1\">Site : <a href=\"https:\/\/www.ovhcloud.com\/\" rel=\"noopener\">www.ovhcloud.com<\/a><\/p><h3><b><br \/>Conception et d\u00e9veloppement<\/b><\/h3><p class=\"p1\">Le site a \u00e9t\u00e9 con\u00e7u et d\u00e9velopp\u00e9 par <span class=\"s1\"><b>BUTZI<\/b><\/span>.<\/p><h3><b>Propri\u00e9t\u00e9 intellectuelle<\/b><\/h3><p class=\"p1\">Le site <span class=\"s1\"><b>butzi-speaker.com<\/b><\/span> ainsi que l\u2019ensemble de ses contenus (textes, images, vid\u00e9os, logos, ic\u00f4nes, sons, logiciels, etc.) sont la propri\u00e9t\u00e9 exclusive de <span class=\"s1\"><b>BUTZI<\/b><\/span>, sauf mention contraire.<\/p><p class=\"p1\">Toute reproduction, repr\u00e9sentation, modification, publication, adaptation de tout ou partie du site, quel que soit le moyen ou le proc\u00e9d\u00e9 utilis\u00e9, est interdite sans l\u2019autorisation \u00e9crite pr\u00e9alable de BUTZI.<\/p><p class=\"p1\">Toute utilisation non autoris\u00e9e sera consid\u00e9r\u00e9e comme constitutive d\u2019une contrefa\u00e7on au sens des articles L.335-2 et suivants du Code de la propri\u00e9t\u00e9 intellectuelle.<\/p><h3><b>Services propos\u00e9s<\/b><\/h3><p class=\"p1\">Le site <span class=\"s1\"><b>butzi-speaker.com<\/b><\/span> permet aux utilisateurs d\u2019acc\u00e9der \u00e0 :<\/p><ul><li><p class=\"p1\">des informations sur les conf\u00e9rences, formations et prestations propos\u00e9es par BUTZI,<\/p><\/li><li><p class=\"p1\">des formulaires de contact ou de demande de devis,<\/p><\/li><li><p class=\"p1\">du contenu \u00e9ditorial autour de la cr\u00e9ativit\u00e9, de l\u2019intelligence artificielle, et du travail.<\/p><\/li><\/ul><h3><b>Protection des donn\u00e9es personnelles<\/b><\/h3><p class=\"p1\">Les informations personnelles collect\u00e9es via les formulaires (nom, pr\u00e9nom, email, etc.) sont enregistr\u00e9es uniquement pour le traitement des demandes ou l\u2019envoi d\u2019informations.<\/p><p class=\"p1\">Conform\u00e9ment au RGPD et \u00e0 la loi \u00ab Informatique et Libert\u00e9s \u00bb du 6 janvier 1978 modifi\u00e9e, vous disposez d\u2019un droit d\u2019acc\u00e8s, de rectification, d\u2019opposition, de limitation, d\u2019effacement et de portabilit\u00e9 de vos donn\u00e9es.<\/p><p class=\"p1\">Pour exercer ces droits, contactez-nous \u00e0 l\u2019adresse suivante : contact@butzi-speaker.com<\/p><p class=\"p1\">Vous avez \u00e9galement la possibilit\u00e9 de d\u00e9poser une r\u00e9clamation aupr\u00e8s de la <span class=\"s1\"><b>CNIL<\/b><\/span> via www.cnil.fr.<\/p><h3><b>Cookies<\/b><\/h3><p class=\"p1\">Lors de la navigation sur le site, des cookies peuvent \u00eatre install\u00e9s automatiquement sur le navigateur de l\u2019utilisateur afin d\u2019am\u00e9liorer l\u2019exp\u00e9rience, mesurer l\u2019audience ou adapter le contenu.<\/p><p class=\"p1\">Vous pouvez configurer votre navigateur pour refuser ou supprimer ces cookies \u00e0 tout moment.<\/p><p class=\"p1\">Aucun cookie n\u2019est utilis\u00e9 \u00e0 des fins publicitaires sans votre consentement pr\u00e9alable.<\/p><h3><b>Responsabilit\u00e9<\/b><\/h3><p class=\"p1\">BUTZI s\u2019efforce de fournir des informations \u00e0 jour et v\u00e9rifi\u00e9es, mais ne saurait \u00eatre tenu responsable des erreurs, omissions ou de l\u2019indisponibilit\u00e9 de certaines pages.<\/p><p class=\"p1\">L\u2019utilisation du site se fait sous l\u2019enti\u00e8re responsabilit\u00e9 de l\u2019utilisateur.<\/p><h3><b>Droit applicable<\/b><\/h3><p class=\"p1\">Les pr\u00e9sentes mentions l\u00e9gales sont soumises au droit fran\u00e7ais. En cas de litige, les tribunaux du ressort du si\u00e8ge social de l\u2019\u00e9diteur sont seuls comp\u00e9tents.\u00a0<\/p>\t\t\t\t\t\t\t\t<\/div>\n\t\t\t\t<\/div>\n\t\t\t\t\t<\/div>\n\t\t<\/div>\n\t\t\t\t\t<\/div>\n\t\t<\/section>\n\t\t\t\t<\/div>\n\t\t","protected":false},"excerpt":{"rendered":"<p>Mentions l\u00e9gales \u00a0Mentions l\u00e9gales Conform\u00e9ment \u00e0 l\u2019article 6 de la loi n\u00b02004-575 du 21 juin 2004 pour la confiance dans l\u2019\u00e9conomie num\u00e9rique, il est pr\u00e9cis\u00e9 aux utilisateurs du site https:\/\/www.butzi-speaker.com l\u2019identit\u00e9 des diff\u00e9rents intervenants dans le cadre de sa r\u00e9alisation [&hellip;]<\/p>\n","protected":false},"author":1,"featured_media":0,"parent":0,"menu_order":0,"comment_status":"closed","ping_status":"closed","template":"","meta":{"footnotes":""},"class_list":["post-13797","page","type-page","status-publish","hentry"],"_links":{"self":[{"href":"https:\/\/butzi-speaker.com\/fr\/wp-json\/wp\/v2\/pages\/13797","targetHints":{"allow":["GET"]}}],"collection":[{"href":"https:\/\/butzi-speaker.com\/fr\/wp-json\/wp\/v2\/pages"}],"about":[{"href":"https:\/\/butzi-speaker.com\/fr\/wp-json\/wp\/v2\/types\/page"}],"author":[{"embeddable":true,"href":"https:\/\/butzi-speaker.com\/fr\/wp-json\/wp\/v2\/users\/1"}],"replies":[{"embeddable":true,"href":"https:\/\/butzi-speaker.com\/fr\/wp-json\/wp\/v2\/comments?post=13797"}],"version-history":[{"count":4,"href":"https:\/\/butzi-speaker.com\/fr\/wp-json\/wp\/v2\/pages\/13797\/revisions"}],"predecessor-version":[{"id":13802,"href":"https:\/\/butzi-speaker.com\/fr\/wp-json\/wp\/v2\/pages\/13797\/revisions\/13802"}],"wp:attachment":[{"href":"https:\/\/butzi-speaker.com\/fr\/wp-json\/wp\/v2\/media?parent=13797"}],"curies":[{"name":"wp","href":"https:\/\/api.w.org\/{rel}","templated":true}]}}