{"id":13792,"date":"2025-07-27T15:13:28","date_gmt":"2025-07-27T13:13:28","guid":{"rendered":"https:\/\/butzi-speaker.com\/?page_id=13792"},"modified":"2025-08-01T15:02:57","modified_gmt":"2025-08-01T13:02:57","slug":"politique-confidentialite","status":"publish","type":"page","link":"https:\/\/butzi-speaker.com\/fr\/politique-confidentialite\/","title":{"rendered":"Politique de confidentialit\u00e9"},"content":{"rendered":"\t\t<div data-elementor-type=\"wp-page\" data-elementor-id=\"13792\" class=\"elementor elementor-13792\" data-elementor-post-type=\"page\">\n\t\t\t\t\t\t<section class=\"has_ae_slider elementor-section elementor-top-section elementor-element elementor-element-e845919 elementor-section-stretched elementor-section-full_width elementor-section-height-min-height elementor-hidden-phone elementor-section-height-default elementor-section-items-middle ae-bg-gallery-type-default\" data-id=\"e845919\" data-element_type=\"section\" data-e-type=\"section\" data-settings=\"{&quot;stretch_section&quot;:&quot;section-stretched&quot;,&quot;background_background&quot;:&quot;classic&quot;}\">\n\t\t\t\t\t\t<div class=\"elementor-container elementor-column-gap-default\">\n\t\t\t\t\t<div class=\"has_ae_slider elementor-column elementor-col-100 elementor-top-column elementor-element elementor-element-d527ec9 ae-bg-gallery-type-default\" data-id=\"d527ec9\" data-element_type=\"column\" data-e-type=\"column\">\n\t\t\t<div class=\"elementor-widget-wrap elementor-element-populated\">\n\t\t\t\t\t\t<section class=\"has_ae_slider elementor-section elementor-inner-section elementor-element elementor-element-077ffa1 elementor-section-boxed elementor-section-height-default elementor-section-height-default ae-bg-gallery-type-default\" data-id=\"077ffa1\" data-element_type=\"section\" data-e-type=\"section\">\n\t\t\t\t\t\t<div class=\"elementor-container elementor-column-gap-default\">\n\t\t\t\t\t<div class=\"has_ae_slider elementor-column elementor-col-100 elementor-inner-column elementor-element elementor-element-b90bc69 ae-bg-gallery-type-default\" data-id=\"b90bc69\" data-element_type=\"column\" data-e-type=\"column\">\n\t\t\t<div class=\"elementor-widget-wrap elementor-element-populated\">\n\t\t\t\t\t\t<div class=\"elementor-element elementor-element-3a47bdf elementor-widget elementor-widget-heading\" data-id=\"3a47bdf\" data-element_type=\"widget\" data-e-type=\"widget\" data-widget_type=\"heading.default\">\n\t\t\t\t<div class=\"elementor-widget-container\">\n\t\t\t\t\t<h1 class=\"elementor-heading-title elementor-size-default\">Politique de confidentialit\u00e9<\/h1>\t\t\t\t<\/div>\n\t\t\t\t<\/div>\n\t\t\t\t\t<\/div>\n\t\t<\/div>\n\t\t\t\t\t<\/div>\n\t\t<\/section>\n\t\t\t\t\t<\/div>\n\t\t<\/div>\n\t\t\t\t\t<\/div>\n\t\t<\/section>\n\t\t\t\t<section class=\"has_ae_slider elementor-section elementor-top-section elementor-element elementor-element-c93862b elementor-section-stretched elementor-section-boxed elementor-section-height-default elementor-section-height-default ae-bg-gallery-type-default\" data-id=\"c93862b\" data-element_type=\"section\" data-e-type=\"section\" data-settings=\"{&quot;stretch_section&quot;:&quot;section-stretched&quot;}\">\n\t\t\t\t\t\t<div class=\"elementor-container elementor-column-gap-default\">\n\t\t\t\t\t<div class=\"has_ae_slider elementor-column elementor-col-100 elementor-top-column elementor-element elementor-element-d12e129 ae-bg-gallery-type-default\" data-id=\"d12e129\" data-element_type=\"column\" data-e-type=\"column\">\n\t\t\t<div class=\"elementor-widget-wrap elementor-element-populated\">\n\t\t\t\t\t\t<div class=\"elementor-element elementor-element-a756a17 elementor-widget elementor-widget-text-editor\" data-id=\"a756a17\" data-element_type=\"widget\" data-e-type=\"widget\" data-widget_type=\"text-editor.default\">\n\t\t\t\t<div class=\"elementor-widget-container\">\n\t\t\t\t\t\t\t\t\t<h2><b>Politique de confidentialit\u00e9<\/b><\/h2><p class=\"p1\">La pr\u00e9sente politique de confidentialit\u00e9 a pour objectif d\u2019informer les utilisateurs du site <span class=\"s1\"><b>https:\/\/www.butzi-speaker.com<\/b><\/span> sur la collecte et le traitement de leurs donn\u00e9es personnelles, conform\u00e9ment au R\u00e8glement G\u00e9n\u00e9ral sur la Protection des Donn\u00e9es (RGPD) et \u00e0 la loi \u00ab Informatique et Libert\u00e9s \u00bb du 6 janvier 1978 modifi\u00e9e.<\/p><h3><b><br \/>Responsable du traitement<\/b><\/h3><p class=\"p1\">Le responsable du traitement des donn\u00e9es personnelles est :<\/p><p class=\"p4\"><b>BUTZI<br \/><br \/><\/b><b><\/b>EURL <br \/>SIREN : 847 593 100<br \/>Adresse : Bourg-la-Reine (92340), France<\/p><p class=\"p1\">Email : contact@butzi-speaker.com<br \/>Repr\u00e9sent\u00e9 par : Johannes Alinhac<\/p><h3><b>Donn\u00e9es collect\u00e9es<\/b><\/h3><p class=\"p1\">Nous pouvons collecter les donn\u00e9es suivantes lorsque vous utilisez notre site :<\/p><p>Nom et pr\u00e9nom<br \/>Adresse e-mail<br \/>Num\u00e9ro de t\u00e9l\u00e9phone (si renseign\u00e9)<br \/>Donn\u00e9es de navigation (via cookies)<br \/>Adresse IP<br \/>Messages envoy\u00e9s via le formulaire de contact<\/p><p>Nous ne collectons que les donn\u00e9es strictement n\u00e9cessaires \u00e0 la finalit\u00e9 des traitements d\u00e9crits ci-dessous.<\/p><h3><b>Finalit\u00e9s du traitement<\/b><\/h3><p class=\"p1\">Vos donn\u00e9es sont collect\u00e9es et trait\u00e9es pour :<\/p><ul><li><p class=\"p1\">R\u00e9pondre \u00e0 vos demandes envoy\u00e9es via les formulaires<\/p><\/li><li><p class=\"p1\">Vous recontacter dans le cadre de prestations (conf\u00e9rences, formations, ateliers)<\/p><\/li><li><p class=\"p1\">Am\u00e9liorer l\u2019exp\u00e9rience utilisateur et analyser la fr\u00e9quentation du site<\/p><\/li><li><p class=\"p1\">Envoyer, si vous y avez consenti, des informations ou contenus en lien avec notre activit\u00e9<\/p><\/li><\/ul><h3><b>Base l\u00e9gale du traitement<\/b><\/h3><p class=\"p1\">Les traitements de vos donn\u00e9es reposent sur :<\/p><ul><li><p class=\"p1\"><span class=\"s1\"><b>Votre consentement<\/b><\/span> (pour les cookies, formulaires ou newsletters)<\/p><\/li><li><p class=\"p1\"><span class=\"s1\"><b>L\u2019ex\u00e9cution d\u2019un contrat<\/b><\/span> ou de mesures pr\u00e9contractuelles (ex. demande de devis)<\/p><\/li><li><p class=\"p1\"><span class=\"s1\"><b>Notre int\u00e9r\u00eat l\u00e9gitime<\/b><\/span> \u00e0 am\u00e9liorer notre site et nos services<\/p><\/li><li><p class=\"p1\"><span class=\"s1\"><b>Le respect d\u2019obligations l\u00e9gales<\/b><\/span> (facturation, conservation des donn\u00e9es)<\/p><\/li><\/ul><h3><b>Dur\u00e9e de conservation<\/b><\/h3><p class=\"p1\">Vos donn\u00e9es sont conserv\u00e9es :<\/p><ul><li><p class=\"p1\">3 ans apr\u00e8s le dernier contact pour les donn\u00e9es marketing<\/p><\/li><li><p class=\"p1\">10 ans pour les donn\u00e9es li\u00e9es \u00e0 la facturation (obligation l\u00e9gale)<\/p><\/li><li><p class=\"p1\">Jusqu\u2019\u00e0 votre demande de suppression pour les donn\u00e9es collect\u00e9es via les formulaires<\/p><\/li><\/ul><h3><b>Destinataires des donn\u00e9es<\/b><\/h3><p class=\"p1\">Les donn\u00e9es collect\u00e9es sont accessibles uniquement :<\/p><ul><li><p class=\"p1\">Aux membres de l\u2019\u00e9quipe de BUTZI<\/p><\/li><li><p class=\"p1\">\u00c0 nos sous-traitants techniques (ex. h\u00e9bergeur, outils de newsletter, analytics)<\/p><\/li><li><p class=\"p1\">Le cas \u00e9ch\u00e9ant, aux autorit\u00e9s comp\u00e9tentes, dans le cadre d\u2019une obligation l\u00e9gale<\/p><\/li><\/ul><p class=\"p1\">Aucune donn\u00e9e n\u2019est vendue, lou\u00e9e ou c\u00e9d\u00e9e \u00e0 des tiers non autoris\u00e9s.<\/p><h3><b>Transfert de donn\u00e9es hors UE<\/b><\/h3><p class=\"p1\">Certains services utilis\u00e9s (ex. Google Analytics) peuvent transf\u00e9rer vos donn\u00e9es en dehors de l\u2019Union Europ\u00e9enne. Ces transferts sont encadr\u00e9s par des <span class=\"s1\"><b>clauses contractuelles types<\/b><\/span> ou des m\u00e9canismes \u00e9quivalents pour garantir un niveau de protection ad\u00e9quat.<\/p><h3><b>Vos droits<\/b><\/h3><p class=\"p1\">Vous disposez des droits suivants :<\/p><ul><li><p class=\"p1\">Droit d\u2019acc\u00e8s, de rectification, d\u2019effacement<\/p><\/li><li><p class=\"p1\">Droit \u00e0 la limitation du traitement<\/p><\/li><li><p class=\"p1\">Droit \u00e0 la portabilit\u00e9 de vos donn\u00e9es<\/p><\/li><li><p class=\"p1\">Droit d\u2019opposition \u00e0 certains traitements<\/p><\/li><li><p class=\"p1\">Droit de retirer votre consentement \u00e0 tout moment<\/p><\/li><\/ul><p class=\"p1\">Pour exercer vos droits, vous pouvez nous contacter par e-mail \u00e0 : <span class=\"s1\"><b>contact@butzi-speaker.com<\/b><b><\/b><\/span><\/p><p class=\"p1\">Vous avez \u00e9galement le droit d\u2019introduire une r\u00e9clamation aupr\u00e8s de la CNIL : <a href=\"https:\/\/www.cnil.fr\" rel=\"noopener\">www.cnil.fr<\/a><\/p><h3><b>Cookies<\/b><\/h3><p class=\"p1\">Des cookies peuvent \u00eatre d\u00e9pos\u00e9s sur votre appareil lors de votre navigation sur le site pour :<\/p><ul><li><p class=\"p1\">Am\u00e9liorer le fonctionnement du site<\/p><\/li><li><p class=\"p1\">Mesurer l\u2019audience (ex. Google Analytics)<\/p><\/li><li><p class=\"p1\">M\u00e9moriser vos pr\u00e9f\u00e9rences<\/p><\/li><\/ul><p class=\"p1\">Vous pouvez \u00e0 tout moment :<\/p><ul><li><p class=\"p1\">Param\u00e9trer votre navigateur pour refuser les cookies<\/p><\/li><li><p class=\"p1\">Supprimer les cookies d\u00e9j\u00e0 install\u00e9s<\/p><\/li><li><p class=\"p1\">Modifier votre consentement via notre bandeau de gestion des cookies<\/p><\/li><\/ul><h3><b>S\u00e9curit\u00e9 des donn\u00e9es<\/b><\/h3><p class=\"p1\">Nous mettons en \u0153uvre des mesures techniques et organisationnelles appropri\u00e9es pour garantir la s\u00e9curit\u00e9 et la confidentialit\u00e9 de vos donn\u00e9es personnelles (acc\u00e8s restreint, h\u00e9bergement s\u00e9curis\u00e9, chiffrement SSL\u2026).<\/p><h3><b>Modification de la politique<\/b><\/h3><p class=\"p1\">Nous nous r\u00e9servons le droit de modifier la pr\u00e9sente politique \u00e0 tout moment. La version en vigueur est celle publi\u00e9e sur notre site \u00e0 la date de votre visite.<\/p><p class=\"p4\"><span class=\"s3\">Derni\u00e8re mise \u00e0 jour : <\/span><b>27 juillet 2025<\/b><\/p>\t\t\t\t\t\t\t\t<\/div>\n\t\t\t\t<\/div>\n\t\t\t\t\t<\/div>\n\t\t<\/div>\n\t\t\t\t\t<\/div>\n\t\t<\/section>\n\t\t\t\t<\/div>\n\t\t","protected":false},"excerpt":{"rendered":"<p>Politique de confidentialit\u00e9 Politique de confidentialit\u00e9 La pr\u00e9sente politique de confidentialit\u00e9 a pour objectif d\u2019informer les utilisateurs du site https:\/\/www.butzi-speaker.com sur la collecte et le traitement de leurs donn\u00e9es personnelles, conform\u00e9ment au R\u00e8glement G\u00e9n\u00e9ral sur la Protection des Donn\u00e9es (RGPD) [&hellip;]<\/p>\n","protected":false},"author":1,"featured_media":0,"parent":0,"menu_order":0,"comment_status":"closed","ping_status":"closed","template":"","meta":{"footnotes":""},"class_list":["post-13792","page","type-page","status-publish","hentry"],"_links":{"self":[{"href":"https:\/\/butzi-speaker.com\/fr\/wp-json\/wp\/v2\/pages\/13792","targetHints":{"allow":["GET"]}}],"collection":[{"href":"https:\/\/butzi-speaker.com\/fr\/wp-json\/wp\/v2\/pages"}],"about":[{"href":"https:\/\/butzi-speaker.com\/fr\/wp-json\/wp\/v2\/types\/page"}],"author":[{"embeddable":true,"href":"https:\/\/butzi-speaker.com\/fr\/wp-json\/wp\/v2\/users\/1"}],"replies":[{"embeddable":true,"href":"https:\/\/butzi-speaker.com\/fr\/wp-json\/wp\/v2\/comments?post=13792"}],"version-history":[{"count":10,"href":"https:\/\/butzi-speaker.com\/fr\/wp-json\/wp\/v2\/pages\/13792\/revisions"}],"predecessor-version":[{"id":13831,"href":"https:\/\/butzi-speaker.com\/fr\/wp-json\/wp\/v2\/pages\/13792\/revisions\/13831"}],"wp:attachment":[{"href":"https:\/\/butzi-speaker.com\/fr\/wp-json\/wp\/v2\/media?parent=13792"}],"curies":[{"name":"wp","href":"https:\/\/api.w.org\/{rel}","templated":true}]}}